{"id":2238,"date":"2021-01-06T17:09:20","date_gmt":"2021-01-06T16:09:20","guid":{"rendered":"https:\/\/irisetopale-beauty.com\/product\/headband-mask\/"},"modified":"2023-07-11T22:07:19","modified_gmt":"2023-07-11T20:07:19","slug":"headband-mask","status":"publish","type":"product","link":"https:\/\/irisetopale-beauty.com\/en\/produit\/headband-mask\/","title":{"rendered":"Headband mask"},"excerpt":{"rendered":"<p class=\"p1\" style=\"text-align: center;\"><span class=\"s1\"><span lang=\"fr\">DEPOLLUTE<\/span>&#8211; RELAX &#8211; REGENERATE<\/span><\/p>\n<p class=\"p1\" style=\"text-align: center;\"><span class=\"s1\">A mask that takes care of your eyes and your vibrations<\/span><\/p>\n","protected":false},"featured_media":1972,"template":"","meta":[],"product_cat":[96,81,60,95],"product_tag":[],"acf":[],"yoast_head":"<!-- This site is optimized with the Yoast SEO plugin v20.12 - https:\/\/yoast.com\/wordpress\/plugins\/seo\/ -->\n<title>Masque bandeau cristal de roche - D\u00e9pollue r\u00e9g\u00e9n\u00e8re | Iris &amp; Opale Beauty<\/title>\n<meta name=\"description\" content=\"Buy the rock crystal headband mask. An essential skincare ritual for internal and external beauty.\" \/>\n<meta name=\"robots\" content=\"index, follow, max-snippet:-1, max-image-preview:large, max-video-preview:-1\" \/>\n<link rel=\"canonical\" href=\"https:\/\/irisetopale-beauty.com\/en\/produit\/headband-mask\/\" \/>\n<meta property=\"og:locale\" content=\"en_US\" \/>\n<meta property=\"og:type\" content=\"article\" \/>\n<meta property=\"og:title\" content=\"Masque bandeau cristal de roche - D\u00e9pollue r\u00e9g\u00e9n\u00e8re | Iris &amp; Opale Beauty\" \/>\n<meta property=\"og:description\" content=\"Buy the rock crystal headband mask. An essential skincare ritual for internal and external beauty.\" \/>\n<meta property=\"og:url\" content=\"https:\/\/irisetopale-beauty.com\/en\/produit\/headband-mask\/\" \/>\n<meta property=\"og:site_name\" content=\"Iris &amp; Opale Beauty\" \/>\n<meta property=\"article:modified_time\" content=\"2023-07-11T20:07:19+00:00\" \/>\n<meta property=\"og:image\" content=\"https:\/\/irisetopale-beauty.com\/wp-content\/uploads\/2021\/01\/Masque-cristal-roche.png\" \/>\n\t<meta property=\"og:image:width\" content=\"1000\" \/>\n\t<meta property=\"og:image:height\" content=\"1000\" \/>\n\t<meta property=\"og:image:type\" content=\"image\/png\" \/>\n<meta name=\"twitter:card\" content=\"summary_large_image\" \/>\n<script type=\"application\/ld+json\" class=\"yoast-schema-graph\">{\"@context\":\"https:\/\/schema.org\",\"@graph\":[{\"@type\":\"WebPage\",\"@id\":\"https:\/\/irisetopale-beauty.com\/en\/produit\/headband-mask\/\",\"url\":\"https:\/\/irisetopale-beauty.com\/en\/produit\/headband-mask\/\",\"name\":\"Masque bandeau cristal de roche - D\u00e9pollue r\u00e9g\u00e9n\u00e8re | Iris & Opale Beauty\",\"isPartOf\":{\"@id\":\"https:\/\/irisetopale-beauty.com\/en\/#website\"},\"datePublished\":\"2021-01-06T16:09:20+00:00\",\"dateModified\":\"2023-07-11T20:07:19+00:00\",\"description\":\"Buy the rock crystal headband mask. An essential skincare ritual for internal and external beauty.\",\"breadcrumb\":{\"@id\":\"https:\/\/irisetopale-beauty.com\/en\/produit\/headband-mask\/#breadcrumb\"},\"inLanguage\":\"en-US\",\"potentialAction\":[{\"@type\":\"ReadAction\",\"target\":[\"https:\/\/irisetopale-beauty.com\/en\/produit\/headband-mask\/\"]}]},{\"@type\":\"BreadcrumbList\",\"@id\":\"https:\/\/irisetopale-beauty.com\/en\/produit\/headband-mask\/#breadcrumb\",\"itemListElement\":[{\"@type\":\"ListItem\",\"position\":1,\"name\":\"Home\",\"item\":\"https:\/\/irisetopale-beauty.com\/en\/home\/\"},{\"@type\":\"ListItem\",\"position\":2,\"name\":\"Shop\",\"item\":\"https:\/\/irisetopale-beauty.com\/en\/shop-2\/\"},{\"@type\":\"ListItem\",\"position\":3,\"name\":\"Headband mask\"}]},{\"@type\":\"WebSite\",\"@id\":\"https:\/\/irisetopale-beauty.com\/en\/#website\",\"url\":\"https:\/\/irisetopale-beauty.com\/en\/\",\"name\":\"Iris &amp; Opale Beauty\",\"description\":\"Cosm\u00e9tiques naturels aux poudres de pierres fines et pr\u00e9cieuses\",\"potentialAction\":[{\"@type\":\"SearchAction\",\"target\":{\"@type\":\"EntryPoint\",\"urlTemplate\":\"https:\/\/irisetopale-beauty.com\/en\/?s={search_term_string}\"},\"query-input\":\"required name=search_term_string\"}],\"inLanguage\":\"en-US\"}]}<\/script>\n<!-- \/ Yoast SEO plugin. -->","yoast_head_json":{"title":"Masque bandeau cristal de roche - D\u00e9pollue r\u00e9g\u00e9n\u00e8re | Iris & Opale Beauty","description":"Buy the rock crystal headband mask. An essential skincare ritual for internal and external beauty.","robots":{"index":"index","follow":"follow","max-snippet":"max-snippet:-1","max-image-preview":"max-image-preview:large","max-video-preview":"max-video-preview:-1"},"canonical":"https:\/\/irisetopale-beauty.com\/en\/produit\/headband-mask\/","og_locale":"en_US","og_type":"article","og_title":"Masque bandeau cristal de roche - D\u00e9pollue r\u00e9g\u00e9n\u00e8re | Iris & Opale Beauty","og_description":"Buy the rock crystal headband mask. An essential skincare ritual for internal and external beauty.","og_url":"https:\/\/irisetopale-beauty.com\/en\/produit\/headband-mask\/","og_site_name":"Iris &amp; Opale Beauty","article_modified_time":"2023-07-11T20:07:19+00:00","og_image":[{"width":1000,"height":1000,"url":"https:\/\/irisetopale-beauty.com\/wp-content\/uploads\/2021\/01\/Masque-cristal-roche.png","type":"image\/png"}],"twitter_card":"summary_large_image","schema":{"@context":"https:\/\/schema.org","@graph":[{"@type":"WebPage","@id":"https:\/\/irisetopale-beauty.com\/en\/produit\/headband-mask\/","url":"https:\/\/irisetopale-beauty.com\/en\/produit\/headband-mask\/","name":"Masque bandeau cristal de roche - D\u00e9pollue r\u00e9g\u00e9n\u00e8re | Iris & Opale Beauty","isPartOf":{"@id":"https:\/\/irisetopale-beauty.com\/en\/#website"},"datePublished":"2021-01-06T16:09:20+00:00","dateModified":"2023-07-11T20:07:19+00:00","description":"Buy the rock crystal headband mask. An essential skincare ritual for internal and external beauty.","breadcrumb":{"@id":"https:\/\/irisetopale-beauty.com\/en\/produit\/headband-mask\/#breadcrumb"},"inLanguage":"en-US","potentialAction":[{"@type":"ReadAction","target":["https:\/\/irisetopale-beauty.com\/en\/produit\/headband-mask\/"]}]},{"@type":"BreadcrumbList","@id":"https:\/\/irisetopale-beauty.com\/en\/produit\/headband-mask\/#breadcrumb","itemListElement":[{"@type":"ListItem","position":1,"name":"Home","item":"https:\/\/irisetopale-beauty.com\/en\/home\/"},{"@type":"ListItem","position":2,"name":"Shop","item":"https:\/\/irisetopale-beauty.com\/en\/shop-2\/"},{"@type":"ListItem","position":3,"name":"Headband mask"}]},{"@type":"WebSite","@id":"https:\/\/irisetopale-beauty.com\/en\/#website","url":"https:\/\/irisetopale-beauty.com\/en\/","name":"Iris &amp; Opale Beauty","description":"Cosm\u00e9tiques naturels aux poudres de pierres fines et pr\u00e9cieuses","potentialAction":[{"@type":"SearchAction","target":{"@type":"EntryPoint","urlTemplate":"https:\/\/irisetopale-beauty.com\/en\/?s={search_term_string}"},"query-input":"required name=search_term_string"}],"inLanguage":"en-US"}]}},"_links":{"self":[{"href":"https:\/\/irisetopale-beauty.com\/en\/wp-json\/wp\/v2\/product\/2238"}],"collection":[{"href":"https:\/\/irisetopale-beauty.com\/en\/wp-json\/wp\/v2\/product"}],"about":[{"href":"https:\/\/irisetopale-beauty.com\/en\/wp-json\/wp\/v2\/types\/product"}],"wp:featuredmedia":[{"embeddable":true,"href":"https:\/\/irisetopale-beauty.com\/en\/wp-json\/wp\/v2\/media\/1972"}],"wp:attachment":[{"href":"https:\/\/irisetopale-beauty.com\/en\/wp-json\/wp\/v2\/media?parent=2238"}],"wp:term":[{"taxonomy":"product_cat","embeddable":true,"href":"https:\/\/irisetopale-beauty.com\/en\/wp-json\/wp\/v2\/product_cat?post=2238"},{"taxonomy":"product_tag","embeddable":true,"href":"https:\/\/irisetopale-beauty.com\/en\/wp-json\/wp\/v2\/product_tag?post=2238"}],"curies":[{"name":"wp","href":"https:\/\/api.w.org\/{rel}","templated":true}]}}